{"id":3154,"date":"2015-01-27T11:54:21","date_gmt":"2015-01-27T10:54:21","guid":{"rendered":"https:\/\/welcometodubai.fr\/qui-sommes-nous\/"},"modified":"2023-02-10T12:42:23","modified_gmt":"2023-02-10T11:42:23","slug":"qui-sommes-nous","status":"publish","type":"page","link":"https:\/\/welcometodubai.fr\/en\/qui-sommes-nous\/","title":{"rendered":"Who are we?"},"content":{"rendered":"<div class=\"fusion-fullwidth fullwidth-box fusion-builder-row-1 fusion-flex-container hundred-percent-fullwidth non-hundred-percent-height-scrolling\" style=\"--awb-background-position:left top;--awb-border-sizes-top:0px;--awb-border-sizes-bottom:0px;--awb-border-sizes-left:0px;--awb-border-sizes-right:0px;--awb-border-radius-top-left:0px;--awb-border-radius-top-right:0px;--awb-border-radius-bottom-right:0px;--awb-border-radius-bottom-left:0px;--awb-padding-top:90px;--awb-padding-right:0px;--awb-padding-bottom:0px;--awb-padding-left:0px;\" ><div class=\"fusion-builder-row fusion-row fusion-flex-align-items-stretch\" style=\"width:104% !important;max-width:104% !important;margin-left: calc(-4% \/ 2 );margin-right: calc(-4% \/ 2 );\"><div class=\"fusion-layout-column fusion_builder_column fusion-builder-column-0 fusion_builder_column_1_2 1_2 fusion-flex-column\" style=\"--awb-padding-top:30px;--awb-padding-right:30px;--awb-padding-bottom:30px;--awb-padding-left:15%;--awb-padding-right-small:60px;--awb-padding-left-small:60px;--awb-bg-blend:overlay;--awb-bg-size:cover;--awb-width-large:50%;--awb-margin-top-large:0px;--awb-spacing-right-large:3.84%;--awb-margin-bottom-large:20px;--awb-spacing-left-large:3.84%;--awb-width-medium:50%;--awb-order-medium:0;--awb-spacing-right-medium:3.84%;--awb-spacing-left-medium:3.84%;--awb-width-small:100%;--awb-order-small:0;--awb-spacing-right-small:1.92%;--awb-spacing-left-small:1.92%;\"><div class=\"fusion-column-wrapper fusion-column-has-shadow fusion-flex-justify-content-flex-start fusion-content-layout-column\"><div class=\"fusion-text fusion-text-1\" style=\"--awb-content-alignment:justify;\"><p>D\u00e9j\u00e0 plusieurs ann\u00e9es qu&#8217;en famille nous avons d\u00e9pos\u00e9 nos valises aux \u00c9mirats Arabes Unis. Il faut dire que travaillant dans le domaine du e-commerce, nous avons l&#8217;avantage de pouvoir exercer notre activit\u00e9 depuis n&#8217;importe quel coin du monde. Mais laissez-nous vous raconter notre histoire.<\/p>\n<p style=\"text-align: center;\"><strong>Nos parcours professionnels<\/strong><\/p>\n<p>Mina est d&#8217;abord banqui\u00e8re durant 7 ans, avant d&#8217;\u00eatre comptable pendant deux ann\u00e9es. Puis, c&#8217;est un poste de responsable administrative et financi\u00e8re qui s&#8217;offre \u00e0 elle. Un parcours qui la m\u00e8ne finalement \u00e0 devenir cr\u00e9atrice. Cela fait maintenant 6 ans que sa marque de parfums d&#8217;int\u00e9rieur a vu le jour. Afin d&#8217;aller plus loin, Mina prend la d\u00e9cision de d\u00e9missionner de son emploi salari\u00e9. L&#8217;objectif est de s&#8217;envoler pour les \u00ab UAE \u00bb pour d\u00e9couvrir toutes les possibilit\u00e9s de d\u00e9veloppement de sa marque. Quant \u00e0 Hicham, il est d&#8217;abord directeur commercial et devient entrepreneur sp\u00e9cialis\u00e9 dans le e-commerce et l&#8217;import-export.<\/p>\n<p style=\"text-align: center;\"><strong>Notre installation aux \u00c9mirats<\/strong><\/p>\n<p>Nous passons par cette fameuse \u00e9tape administrative afin de devenir r\u00e9sident dans le pays et cela n&#8217;est pas de tout repos. En effet, il nous faut attendre plusieurs mois pour enfin avoir nos documents d&#8217;identit\u00e9 \u00e9miratis dans les mains. Mais petit \u00e0 petit, nous cr\u00e9ons notre r\u00e9seau professionnel et rencontrons \u00e9galement des membres gouvernementaux. Apr\u00e8s les difficult\u00e9s de nos d\u00e9buts, dans la p\u00e9ninsule arabique, viennent finalement les facilit\u00e9s! De ces complications que nous avons eues, nous tirons des enseignements et en prenant du recul, nous pouvons \u00eatre fiers de ce que nous avons accompli.<\/p>\n<p style=\"text-align: center;\"><strong>Conseiller les autres<\/strong><\/p>\n<p>De nombreux expatri\u00e9s autour de nous rencontrent les difficult\u00e9s que nous avons connues \u00e0 notre arriv\u00e9e et de plus en plus de demandes d&#8217;informations de leur part nous parviennent. Ce fort besoin de renseignements nous a amen\u00e9s \u00e0 d\u00e9velopper notre agence de conseils. Notre but est d&#8217;accompagner les familles pour leur installation aux \u00c9mirats Arabes Unis tout comme pour la cr\u00e9ation de leurs propres entreprises. Actuellement, nous avons une cinquantaine d&#8217;agents dans diff\u00e9rents pays en tant qu&#8217;apporteurs d&#8217;affaires et nous collaborons avec de nombreux professionnels : avocats, comptables, services de conciergerie&#8230;<\/p>\n<p>Initialement, nous avions une marque de parfum d&#8217;int\u00e9rieur \u00e0 d\u00e9velopper pour Mina et une activit\u00e9 dans le e-commerce \u00e0 poursuivre pour Hicham. Mais nous avons bien plus \u00e0 pr\u00e9sent!<\/p>\n<p>Aujourd\u2019hui \u2018hui nous sommes le coeur d&#8217;une agence experte dans le domaine, avec des partenaires privil\u00e9gi\u00e9s, plus de 50 agents dans le monde et ce n\u2019est que le d\u00e9but.<\/p>\n<p>Pouvoir contribuer \u00e0 la r\u00e9ussite des projets des autres, qu&#8217;ils soient familiaux ou professionnels, est pour nous le moteur du d\u00e9veloppement de notre agence qui ne cesse de s\u2019agrandir.<\/p>\n<p>Le chemin parcouru prouve que tout est possible aux \u00c9mirats Arabes Unis. \u00c0 qui le tour?<\/p>\n<\/div><\/div><\/div><div class=\"fusion-layout-column fusion_builder_column fusion-builder-column-1 fusion_builder_column_1_2 1_2 fusion-flex-column fusion-column-inner-bg-wrapper\" style=\"--awb-inner-bg-position:center center;--awb-inner-bg-blend:overlay;--awb-inner-bg-size:cover;--awb-width-large:50%;--awb-margin-top-large:0px;--awb-spacing-right-large:3.84%;--awb-margin-bottom-large:0px;--awb-spacing-left-large:3.84%;--awb-width-medium:50%;--awb-order-medium:0;--awb-spacing-right-medium:3.84%;--awb-spacing-left-medium:3.84%;--awb-width-small:100%;--awb-order-small:0;--awb-spacing-right-small:1.92%;--awb-spacing-left-small:1.92%;\"><span class=\"fusion-column-inner-bg hover-type-zoomin\"><span class=\"fusion-column-anchor\"><span class=\"fusion-column-inner-bg-image lazyload\" data-bg=\"https:\/\/welcometodubai.fr\/wp-content\/uploads\/2022\/12\/business-bay.jpg\"><\/span><\/span><\/span><div class=\"fusion-column-wrapper fusion-column-has-shadow fusion-flex-justify-content-flex-start fusion-content-layout-column fusion-empty-column-bg-image\" data-bg-url=\"https:\/\/welcometodubai.fr\/wp-content\/uploads\/2022\/12\/business-bay.jpg\"><img decoding=\"async\" class=\"fusion-empty-dims-img-placeholder fusion-no-large-visibility fusion-no-medium-visibility\" src=\"data:image\/svg+xml,%3Csvg%20xmlns%3D%27http%3A%2F%2Fwww.w3.org%2F2000%2Fsvg%27%20width%3D%272000%27%20height%3D%271333%27%20viewBox%3D%270%200%202000%201333%27%3E%3Crect%20width%3D%272000%27%20height%3D%271333%27%20fill-opacity%3D%220%22%2F%3E%3C%2Fsvg%3E\"><\/div><\/div><\/div><\/div>\n","protected":false},"excerpt":{"rendered":"","protected":false},"author":1,"featured_media":2805,"parent":0,"menu_order":0,"comment_status":"closed","ping_status":"open","template":"100-width.php","meta":{"inline_featured_image":false,"footnotes":""},"class_list":["post-3154","page","type-page","status-publish","has-post-thumbnail","hentry"],"_links":{"self":[{"href":"https:\/\/welcometodubai.fr\/en\/wp-json\/wp\/v2\/pages\/3154","targetHints":{"allow":["GET"]}}],"collection":[{"href":"https:\/\/welcometodubai.fr\/en\/wp-json\/wp\/v2\/pages"}],"about":[{"href":"https:\/\/welcometodubai.fr\/en\/wp-json\/wp\/v2\/types\/page"}],"author":[{"embeddable":true,"href":"https:\/\/welcometodubai.fr\/en\/wp-json\/wp\/v2\/users\/1"}],"replies":[{"embeddable":true,"href":"https:\/\/welcometodubai.fr\/en\/wp-json\/wp\/v2\/comments?post=3154"}],"version-history":[{"count":4,"href":"https:\/\/welcometodubai.fr\/en\/wp-json\/wp\/v2\/pages\/3154\/revisions"}],"predecessor-version":[{"id":3226,"href":"https:\/\/welcometodubai.fr\/en\/wp-json\/wp\/v2\/pages\/3154\/revisions\/3226"}],"wp:featuredmedia":[{"embeddable":true,"href":"https:\/\/welcometodubai.fr\/en\/wp-json\/wp\/v2\/media\/2805"}],"wp:attachment":[{"href":"https:\/\/welcometodubai.fr\/en\/wp-json\/wp\/v2\/media?parent=3154"}],"curies":[{"name":"wp","href":"https:\/\/api.w.org\/{rel}","templated":true}]}}