{"id":3058,"date":"2022-12-27T07:30:57","date_gmt":"2022-12-27T06:30:57","guid":{"rendered":"https:\/\/welcometodubai.fr\/demarches-dinstallation\/"},"modified":"2023-02-10T12:40:09","modified_gmt":"2023-02-10T11:40:09","slug":"demarches-dinstallation","status":"publish","type":"page","link":"https:\/\/welcometodubai.fr\/en\/pour-les-particuliers\/demarches-dinstallation\/","title":{"rendered":"D\u00e9marches d&#8217;installation"},"content":{"rendered":"<p><div class=\"fusion-fullwidth fullwidth-box fusion-builder-row-1 fusion-flex-container nonhundred-percent-fullwidth non-hundred-percent-height-scrolling\" style=\"--awb-border-radius-top-left:0px;--awb-border-radius-top-right:0px;--awb-border-radius-bottom-right:0px;--awb-border-radius-bottom-left:0px;--awb-padding-top:0px;--awb-padding-bottom:39px;--awb-margin-top:0px;\" ><div class=\"fusion-builder-row fusion-row fusion-flex-align-items-flex-start\" style=\"max-width:1216.8px;margin-left: calc(-4% \/ 2 );margin-right: calc(-4% \/ 2 );\"><div class=\"fusion-layout-column fusion_builder_column fusion-builder-column-0 fusion_builder_column_1_1 1_1 fusion-flex-column\" style=\"--awb-bg-size:cover;--awb-width-large:100%;--awb-margin-top-large:0px;--awb-spacing-right-large:1.92%;--awb-margin-bottom-large:20px;--awb-spacing-left-large:1.92%;--awb-width-medium:100%;--awb-order-medium:0;--awb-spacing-right-medium:1.92%;--awb-spacing-left-medium:1.92%;--awb-width-small:100%;--awb-order-small:0;--awb-spacing-right-small:1.92%;--awb-spacing-left-small:1.92%;\"><div class=\"fusion-column-wrapper fusion-column-has-shadow fusion-flex-justify-content-flex-start fusion-content-layout-column\"><div class=\"fusion-text fusion-text-1\" style=\"--awb-content-alignment:justify;\"><p>Il est primordial d&#8217;\u00eatre aiguill\u00e9 avec efficacit\u00e9 pour qu&#8217;un projet d&#8217;installation aux \u00c9mirats Arabes Unis soit une r\u00e9ussite. En amont, des recherches personnelles sont notamment n\u00e9cessaires : logement, \u00e9cole pour les enfants, budg\u00e9tisation, devis \u00e9ventuels&#8230; Welcome to Duba\u00ef peut prendre le relais pour mener toutes les \u00e9tapes du processus d&#8217;installation.<\/p>\n<\/div><div class=\"fusion-title title fusion-title-1 fusion-title-text fusion-title-size-one\"><div class=\"title-sep-container title-sep-container-left fusion-no-large-visibility fusion-no-medium-visibility fusion-no-small-visibility\"><div class=\"title-sep sep- sep-solid\" style=\"border-color:var(--awb-color3);\"><\/div><\/div><span class=\"awb-title-spacer fusion-no-large-visibility fusion-no-medium-visibility fusion-no-small-visibility\"><\/span><h1 class=\"title-heading-left fusion-responsive-typography-calculated\" style=\"margin:0;--fontSize:72;line-height:var(--awb-typography1-line-height);\"><div style=\"text-align: center;\"><span style=\"color: var(--h1_typography-color); font-family: var(--h1_typography-font-family); font-size: var(--h1_typography-font-size); font-style: var(--h1_typography-font-style,normal); font-weight: var(--h1_typography-font-weight); letter-spacing: var(--h1_typography-letter-spacing); text-transform: var(--h1_typography-text-transform); background-color: rgba(255, 255, 255, 0);\">Les 4 \u00e9tapes clefs pour s&#8217;installer \u00e0 Duba\u00ef<\/span><\/div><\/h1><span class=\"awb-title-spacer\"><\/span><div class=\"title-sep-container title-sep-container-right\"><div class=\"title-sep sep- sep-solid\" style=\"border-color:var(--awb-color3);\"><\/div><\/div><\/div><\/div><\/div><\/div><\/div><div class=\"fusion-fullwidth fullwidth-box fusion-builder-row-2 fusion-flex-container nonhundred-percent-fullwidth non-hundred-percent-height-scrolling\" style=\"--awb-border-radius-top-left:0px;--awb-border-radius-top-right:0px;--awb-border-radius-bottom-right:0px;--awb-border-radius-bottom-left:0px;\" ><div class=\"fusion-builder-row fusion-row fusion-flex-align-items-flex-start\" style=\"max-width:1216.8px;margin-left: calc(-4% \/ 2 );margin-right: calc(-4% \/ 2 );\"><div class=\"fusion-layout-column fusion_builder_column fusion-builder-column-1 fusion_builder_column_1_1 1_1 fusion-flex-column\" style=\"--awb-bg-size:cover;--awb-width-large:100%;--awb-margin-top-large:0px;--awb-spacing-right-large:1.92%;--awb-margin-bottom-large:20px;--awb-spacing-left-large:1.92%;--awb-width-medium:100%;--awb-order-medium:0;--awb-spacing-right-medium:1.92%;--awb-spacing-left-medium:1.92%;--awb-width-small:100%;--awb-order-small:0;--awb-spacing-right-small:1.92%;--awb-spacing-left-small:1.92%;\"><div class=\"fusion-column-wrapper fusion-column-has-shadow fusion-flex-justify-content-flex-start fusion-content-layout-column\"><div class=\"fusion-title title fusion-title-2 fusion-title-center fusion-title-text fusion-title-size-one\"><div class=\"title-sep-container title-sep-container-left\"><div class=\"title-sep sep- sep-solid\" style=\"border-color:var(--awb-color3);\"><\/div><\/div><span class=\"awb-title-spacer\"><\/span><h1 class=\"title-heading-center fusion-responsive-typography-calculated\" style=\"margin:0;--fontSize:72;line-height:var(--awb-typography1-line-height);\"><h4>\u00c9tape 1 : la cr\u00e9ation d&#8217;une soci\u00e9t\u00e9<\/h4><\/h1><span class=\"awb-title-spacer\"><\/span><div class=\"title-sep-container title-sep-container-right\"><div class=\"title-sep sep- sep-solid\" style=\"border-color:var(--awb-color3);\"><\/div><\/div><\/div><div class=\"fusion-counters-circle counters-circle\" data-animationOffset=\"top-into-view\"><div class=\"counter-circle-wrapper\" style=\"--awb-font-size:56.818181818182px;--awb-size:250px;\" data-originalsize=\"250\"><div class=\"fusion-counter-circle counter-circle counter-circle-content\" data-percent=\"10\" data-countdown=\"\" data-filledcolor=\"rgba(148,184,196,1)\" data-unfilledcolor=\"rgba(224,222,222,1)\" data-scale=\"\" data-size=\"250\" data-speed=\"1500\" data-strokesize=\"12.5\"><div class=\"fusion-counter-circle-content-inner\">J&#8217;\u00e9tudie le projet<\/div><\/div><\/div><div class=\"counter-circle-wrapper\" style=\"--awb-font-size:56.818181818182px;--awb-size:250px;\" data-originalsize=\"250\"><div class=\"fusion-counter-circle counter-circle counter-circle-content\" data-percent=\"20\" data-countdown=\"\" data-filledcolor=\"rgba(148,184,196,1)\" data-unfilledcolor=\"rgba(224,222,222,1)\" data-scale=\"\" data-size=\"250\" data-speed=\"1500\" data-strokesize=\"12.5\"><div class=\"fusion-counter-circle-content-inner\">Je suis pr\u00eat<\/div><\/div><\/div><div class=\"counter-circle-wrapper\" style=\"--awb-font-size:56.818181818182px;--awb-size:250px;\" data-originalsize=\"250\"><div class=\"fusion-counter-circle counter-circle counter-circle-content\" data-percent=\"30\" data-countdown=\"\" data-filledcolor=\"rgba(148,184,196,1)\" data-unfilledcolor=\"rgba(224,222,222,1)\" data-scale=\"\" data-size=\"250\" data-speed=\"1500\" data-strokesize=\"12.5\"><div class=\"fusion-counter-circle-content-inner\">Je cr\u00e9\u00e9e ma soci\u00e9t\u00e9<\/div><\/div><\/div><\/div><div class=\"fusion-text fusion-text-2\" style=\"--awb-content-alignment:justify;\"><p>&nbsp;<\/p>\n<p>Beaucoup d&#8217;expatri\u00e9s arrivent \u00e0 Duba\u00ef avec un projet de cr\u00e9ation de soci\u00e9t\u00e9, qui est l&#8217;une des conditions permettant de devenir r\u00e9sident du pays. Notre agence s&#8217;occupe alors de toute la partie administrative, gr\u00e2ce aux documents communiqu\u00e9s par le client, bien que ce dernier ne soit pas encore dans le pays.<\/p>\n<\/div><div class=\"fusion-title title fusion-title-3 fusion-title-center fusion-title-text fusion-title-size-one\"><div class=\"title-sep-container title-sep-container-left\"><div class=\"title-sep sep- sep-solid\" style=\"border-color:var(--awb-color3);\"><\/div><\/div><span class=\"awb-title-spacer\"><\/span><h1 class=\"title-heading-center fusion-responsive-typography-calculated\" style=\"margin:0;--fontSize:72;line-height:var(--awb-typography1-line-height);\"><h4>\u00c9tape 2 : l&#8217;obtention du visa<\/h4><\/h1><span class=\"awb-title-spacer\"><\/span><div class=\"title-sep-container title-sep-container-right\"><div class=\"title-sep sep- sep-solid\" style=\"border-color:var(--awb-color3);\"><\/div><\/div><\/div><div class=\"fusion-counters-circle counters-circle\" data-animationOffset=\"top-into-view\"><div class=\"counter-circle-wrapper\" style=\"--awb-font-size:56.818181818182px;--awb-size:250px;\" data-originalsize=\"250\"><div class=\"fusion-counter-circle counter-circle counter-circle-content\" data-percent=\"40\" data-countdown=\"\" data-filledcolor=\"rgba(148,184,196,1)\" data-unfilledcolor=\"rgba(224,222,222,1)\" data-scale=\"\" data-size=\"250\" data-speed=\"1500\" data-strokesize=\"12.5\"><div class=\"fusion-counter-circle-content-inner\">Je demande mon visa<\/div><\/div><\/div><div class=\"counter-circle-wrapper\" style=\"--awb-font-size:56.818181818182px;--awb-size:250px;\" data-originalsize=\"250\"><div class=\"fusion-counter-circle counter-circle counter-circle-content\" data-percent=\"50\" data-countdown=\"\" data-filledcolor=\"rgba(148,184,196,1)\" data-unfilledcolor=\"rgba(224,222,222,1)\" data-scale=\"\" data-size=\"250\" data-speed=\"1500\" data-strokesize=\"12.5\"><div class=\"fusion-counter-circle-content-inner\">Je fais ma visite m\u00e9dicale<\/div><\/div><\/div><div class=\"counter-circle-wrapper\" style=\"--awb-font-size:56.818181818182px;--awb-size:250px;\" data-originalsize=\"250\"><div class=\"fusion-counter-circle counter-circle counter-circle-content\" data-percent=\"60\" data-countdown=\"\" data-filledcolor=\"rgba(148,184,196,1)\" data-unfilledcolor=\"rgba(224,222,222,1)\" data-scale=\"\" data-size=\"250\" data-speed=\"1500\" data-strokesize=\"12.5\"><div class=\"fusion-counter-circle-content-inner\">Je re\u00e7ois mon visa<\/div><\/div><\/div><\/div><div class=\"fusion-text fusion-text-3\" style=\"--awb-content-alignment:justify;\"><p><span style=\"background-color: rgba(255, 255, 255, 0); color: var(--body_typography-color); font-family: var(--body_typography-font-family); font-size: var(--body_typography-font-size); font-style: var(--body_typography-font-style,normal); font-weight: var(--body_typography-font-weight); letter-spacing: var(--body_typography-letter-spacing);\">Puis Welcome to Duba\u00ef pr\u00e9pare l&#8217;obtention du visa en expliquant au client la marche \u00e0 suivre. \u00c0 son arriv\u00e9e, nous l&#8217;accompagnons pour les rendez-vous m\u00e9dicaux et la prise des empreintes. Par la suite, visa et carte de r\u00e9sident sont d\u00e9livr\u00e9s. Gr\u00e2ce \u00e0 cela, l&#8217;ouverture du compte bancaire a lieu et Welcome to Duba\u00ef est aussi pr\u00e9sent pour cette proc\u00e9dure.<\/span><\/p>\n<\/div><div class=\"fusion-title title fusion-title-4 fusion-title-center fusion-title-text fusion-title-size-one\"><div class=\"title-sep-container title-sep-container-left\"><div class=\"title-sep sep- sep-solid\" style=\"border-color:var(--awb-color3);\"><\/div><\/div><span class=\"awb-title-spacer\"><\/span><h1 class=\"title-heading-center fusion-responsive-typography-calculated\" style=\"margin:0;--fontSize:72;line-height:var(--awb-typography1-line-height);\"><h4>\u00c9tape 3 : le choix du logement<\/h4><\/h1><span class=\"awb-title-spacer\"><\/span><div class=\"title-sep-container title-sep-container-right\"><div class=\"title-sep sep- sep-solid\" style=\"border-color:var(--awb-color3);\"><\/div><\/div><\/div><div class=\"fusion-counters-circle counters-circle\" data-animationOffset=\"top-into-view\"><div class=\"counter-circle-wrapper\" style=\"--awb-font-size:56.818181818182px;--awb-size:250px;\" data-originalsize=\"250\"><div class=\"fusion-counter-circle counter-circle counter-circle-content\" data-percent=\"70\" data-countdown=\"\" data-filledcolor=\"rgba(148,184,196,1)\" data-unfilledcolor=\"rgba(224,222,222,1)\" data-scale=\"\" data-size=\"250\" data-speed=\"1500\" data-strokesize=\"12.5\"><div class=\"fusion-counter-circle-content-inner\">J&#8217;ouvre mon compte bancaire<\/div><\/div><\/div><div class=\"counter-circle-wrapper\" style=\"--awb-font-size:56.818181818182px;--awb-size:250px;\" data-originalsize=\"250\"><div class=\"fusion-counter-circle counter-circle counter-circle-content\" data-percent=\"70\" data-countdown=\"\" data-filledcolor=\"rgba(148,184,196,1)\" data-unfilledcolor=\"rgba(224,222,222,1)\" data-scale=\"\" data-size=\"250\" data-speed=\"1500\" data-strokesize=\"12.5\"><div class=\"fusion-counter-circle-content-inner\">Je cherche mon logement<\/div><\/div><\/div><\/div><div class=\"fusion-text fusion-text-4\" style=\"--awb-content-alignment:justify;\"><p><span style=\"background-color: rgba(255, 255, 255, 0); color: var(--body_typography-color); font-family: var(--body_typography-font-family); font-size: var(--body_typography-font-size); font-style: var(--body_typography-font-style,normal); font-weight: var(--body_typography-font-weight); letter-spacing: var(--body_typography-letter-spacing);\">Bien que des recherches aient eu lieu en amont avant m\u00eame d&#8217;arriver aux \u00c9mirats Arabes Unis, c&#8217;est maintenant gr\u00e2ce \u00e0 ce statut de r\u00e9sident qu&#8217;un logement sera lou\u00e9 ou achet\u00e9. Notre agence se tient disponible si le client a besoin d&#8217;\u00eatre \u00e9paul\u00e9 mais il peut aussi mener cette \u00e9tape seul s&#8217;il estime qu&#8217;il peut se d\u00e9brouiller.<\/span><\/p>\n<\/div><div class=\"fusion-title title fusion-title-5 fusion-title-center fusion-title-text fusion-title-size-one\"><div class=\"title-sep-container title-sep-container-left\"><div class=\"title-sep sep- sep-solid\" style=\"border-color:var(--awb-color3);\"><\/div><\/div><span class=\"awb-title-spacer\"><\/span><h1 class=\"title-heading-center fusion-responsive-typography-calculated\" style=\"margin:0;--fontSize:72;line-height:var(--awb-typography1-line-height);\"><h4>\u00c9tape 4 : la demande de visa pour la famille<\/h4><\/h1><span class=\"awb-title-spacer\"><\/span><div class=\"title-sep-container title-sep-container-right\"><div class=\"title-sep sep- sep-solid\" style=\"border-color:var(--awb-color3);\"><\/div><\/div><\/div><div class=\"fusion-counters-circle counters-circle\" data-animationOffset=\"top-into-view\"><div class=\"counter-circle-wrapper\" style=\"--awb-font-size:56.818181818182px;--awb-size:250px;\" data-originalsize=\"250\"><div class=\"fusion-counter-circle counter-circle counter-circle-content\" data-percent=\"90\" data-countdown=\"\" data-filledcolor=\"rgba(148,184,196,1)\" data-unfilledcolor=\"rgba(224,222,222,1)\" data-scale=\"\" data-size=\"250\" data-speed=\"1500\" data-strokesize=\"12.5\"><div class=\"fusion-counter-circle-content-inner\">Je demande le visa pour ma famille<\/div><\/div><\/div><div class=\"counter-circle-wrapper\" style=\"--awb-font-size:56.818181818182px;--awb-size:250px;\" data-originalsize=\"250\"><div class=\"fusion-counter-circle counter-circle counter-circle-content\" data-percent=\"90\" data-countdown=\"\" data-filledcolor=\"rgba(148,184,196,1)\" data-unfilledcolor=\"rgba(224,222,222,1)\" data-scale=\"\" data-size=\"250\" data-speed=\"1500\" data-strokesize=\"12.5\"><div class=\"fusion-counter-circle-content-inner\">Je fais venir ma famille<\/div><\/div><\/div><\/div><div class=\"fusion-text fusion-text-5\" style=\"--awb-content-alignment:justify;\"><p><span style=\"background-color: rgba(255, 255, 255, 0); color: var(--body_typography-color); font-family: var(--body_typography-font-family); font-size: var(--body_typography-font-size); font-style: var(--body_typography-font-style,normal); font-weight: var(--body_typography-font-weight); letter-spacing: var(--body_typography-letter-spacing);\">\u00c0 pr\u00e9sent, le client va enfin demander un visa pour sa famille, afin qu&#8217;elle puisse venir le rejoindre. De nouveau, Welcome to Duba\u00ef est l\u00e0 pour mener toute la proc\u00e9dure d&#8217;obtention du pr\u00e9cieux \u00ab s\u00e9same \u00bb. De A \u00e0 Z, nous nous occupons de faire le n\u00e9cessaire, facilitant encore une fois l&#8217;installation \u00e0 Duba\u00ef.<\/span><\/p>\n<\/div><div class=\"fusion-counters-circle counters-circle\" data-animationOffset=\"top-into-view\"><div class=\"counter-circle-wrapper\" style=\"--awb-font-size:56.818181818182px;--awb-size:250px;\" data-originalsize=\"250\"><div class=\"fusion-counter-circle counter-circle counter-circle-content\" data-percent=\"100\" data-countdown=\"\" data-filledcolor=\"rgba(148,184,196,1)\" data-unfilledcolor=\"rgba(224,222,222,1)\" data-scale=\"\" data-size=\"250\" data-speed=\"1500\" data-strokesize=\"12.5\"><div class=\"fusion-counter-circle-content-inner\">FIN<\/div><\/div><\/div><\/div><\/div><\/div><\/div><\/div><div class=\"fusion-fullwidth fullwidth-box fusion-builder-row-3 fusion-flex-container nonhundred-percent-fullwidth non-hundred-percent-height-scrolling\" style=\"--awb-border-radius-top-left:0px;--awb-border-radius-top-right:0px;--awb-border-radius-bottom-right:0px;--awb-border-radius-bottom-left:0px;--awb-padding-top:0px;--awb-padding-bottom:0px;--awb-margin-top:0px;--awb-margin-bottom:0px;\" ><div class=\"fusion-builder-row fusion-row fusion-flex-align-items-flex-start\" style=\"max-width:1216.8px;margin-left: calc(-4% \/ 2 );margin-right: calc(-4% \/ 2 );\"><div class=\"fusion-layout-column fusion_builder_column fusion-builder-column-2 fusion_builder_column_1_1 1_1 fusion-flex-column\" style=\"--awb-bg-size:cover;--awb-width-large:100%;--awb-margin-top-large:0px;--awb-spacing-right-large:1.92%;--awb-margin-bottom-large:20px;--awb-spacing-left-large:1.92%;--awb-width-medium:100%;--awb-order-medium:0;--awb-spacing-right-medium:1.92%;--awb-spacing-left-medium:1.92%;--awb-width-small:100%;--awb-order-small:0;--awb-spacing-right-small:1.92%;--awb-spacing-left-small:1.92%;\"><div class=\"fusion-column-wrapper fusion-column-has-shadow fusion-flex-justify-content-flex-start fusion-content-layout-column\"><div class=\"fusion-text fusion-text-6\"><p style=\"text-align: center;\">Apr\u00e8s \u00eatre pass\u00e9 par ces 4 \u00e9tapes, nous pouvons officiellement dire \u00e0 notre client: bienvenue \u00e0 Duba\u00ef.<\/p>\n<\/div><\/div><\/div><\/div><\/div><div class=\"fusion-fullwidth fullwidth-box fusion-builder-row-4 fusion-flex-container nonhundred-percent-fullwidth non-hundred-percent-height-scrolling\" style=\"--awb-border-radius-top-left:0px;--awb-border-radius-top-right:0px;--awb-border-radius-bottom-right:0px;--awb-border-radius-bottom-left:0px;--awb-padding-top:0px;--awb-padding-bottom:0px;--awb-margin-top:61px;\" ><div class=\"fusion-builder-row fusion-row fusion-flex-align-items-flex-start\" style=\"max-width:1216.8px;margin-left: calc(-4% \/ 2 );margin-right: calc(-4% \/ 2 );\"><div class=\"fusion-layout-column fusion_builder_column fusion-builder-column-3 fusion_builder_column_1_1 1_1 fusion-flex-column\" style=\"--awb-bg-size:cover;--awb-width-large:100%;--awb-margin-top-large:0px;--awb-spacing-right-large:1.92%;--awb-margin-bottom-large:20px;--awb-spacing-left-large:1.92%;--awb-width-medium:100%;--awb-order-medium:0;--awb-spacing-right-medium:1.92%;--awb-spacing-left-medium:1.92%;--awb-width-small:100%;--awb-order-small:0;--awb-spacing-right-small:1.92%;--awb-spacing-left-small:1.92%;\"><div class=\"fusion-column-wrapper fusion-column-has-shadow fusion-flex-justify-content-flex-start fusion-content-layout-column\"><div class=\"fusion-separator fusion-full-width-sep\" style=\"align-self: center;margin-left: auto;margin-right: auto;width:100%;\"><div class=\"fusion-separator-border sep-double\" style=\"--awb-height:20px;--awb-amount:20px;border-color:var(--awb-color3);border-top-width:1px;border-bottom-width:1px;\"><\/div><\/div><\/div><\/div><\/div><\/div><div class=\"fusion-fullwidth fullwidth-box fusion-builder-row-5 fusion-flex-container nonhundred-percent-fullwidth non-hundred-percent-height-scrolling\" style=\"--awb-border-radius-top-left:0px;--awb-border-radius-top-right:0px;--awb-border-radius-bottom-right:0px;--awb-border-radius-bottom-left:0px;--awb-padding-top:0px;--awb-padding-bottom:0px;--awb-margin-top:0px;--awb-margin-bottom:0px;\" ><div class=\"fusion-builder-row fusion-row fusion-flex-align-items-flex-start\" style=\"max-width:1216.8px;margin-left: calc(-4% \/ 2 );margin-right: calc(-4% \/ 2 );\"><div class=\"fusion-layout-column fusion_builder_column fusion-builder-column-4 fusion_builder_column_1_1 1_1 fusion-flex-column\" style=\"--awb-bg-size:cover;--awb-width-large:100%;--awb-margin-top-large:0px;--awb-spacing-right-large:1.92%;--awb-margin-bottom-large:20px;--awb-spacing-left-large:1.92%;--awb-width-medium:100%;--awb-order-medium:0;--awb-spacing-right-medium:1.92%;--awb-spacing-left-medium:1.92%;--awb-width-small:100%;--awb-order-small:0;--awb-spacing-right-small:1.92%;--awb-spacing-left-small:1.92%;\"><div class=\"fusion-column-wrapper fusion-column-has-shadow fusion-flex-justify-content-flex-start fusion-content-layout-column\"><div class=\"fusion-text fusion-text-7\"><h4 style=\"text-align: center;\">Nous pouvons vous aider \u00e0 chaque \u00e9tape de votre projet. Sur rendez-vous t\u00e9l\u00e9phonique pour des conseils pr\u00e9cis ou en nous mandatant, nous sommes \u00e0 votre disposition.<\/h4>\n<\/div><\/div><\/div><\/div><\/div><\/p>\n","protected":false},"excerpt":{"rendered":"","protected":false},"author":1,"featured_media":0,"parent":3144,"menu_order":0,"comment_status":"closed","ping_status":"closed","template":"","meta":{"inline_featured_image":false,"footnotes":""},"class_list":["post-3058","page","type-page","status-publish","hentry"],"_links":{"self":[{"href":"https:\/\/welcometodubai.fr\/en\/wp-json\/wp\/v2\/pages\/3058","targetHints":{"allow":["GET"]}}],"collection":[{"href":"https:\/\/welcometodubai.fr\/en\/wp-json\/wp\/v2\/pages"}],"about":[{"href":"https:\/\/welcometodubai.fr\/en\/wp-json\/wp\/v2\/types\/page"}],"author":[{"embeddable":true,"href":"https:\/\/welcometodubai.fr\/en\/wp-json\/wp\/v2\/users\/1"}],"replies":[{"embeddable":true,"href":"https:\/\/welcometodubai.fr\/en\/wp-json\/wp\/v2\/comments?post=3058"}],"version-history":[{"count":1,"href":"https:\/\/welcometodubai.fr\/en\/wp-json\/wp\/v2\/pages\/3058\/revisions"}],"predecessor-version":[{"id":3185,"href":"https:\/\/welcometodubai.fr\/en\/wp-json\/wp\/v2\/pages\/3058\/revisions\/3185"}],"up":[{"embeddable":true,"href":"https:\/\/welcometodubai.fr\/en\/wp-json\/wp\/v2\/pages\/3144"}],"wp:attachment":[{"href":"https:\/\/welcometodubai.fr\/en\/wp-json\/wp\/v2\/media?parent=3058"}],"curies":[{"name":"wp","href":"https:\/\/api.w.org\/{rel}","templated":true}]}}