{"id":3057,"date":"2022-12-27T07:31:09","date_gmt":"2022-12-27T06:31:09","guid":{"rendered":"https:\/\/welcometodubai.fr\/comptes-bancaires\/"},"modified":"2023-02-10T12:40:09","modified_gmt":"2023-02-10T11:40:09","slug":"comptes-bancaires","status":"publish","type":"page","link":"https:\/\/welcometodubai.fr\/en\/pour-les-particuliers\/comptes-bancaires\/","title":{"rendered":"Comptes bancaires"},"content":{"rendered":"<p><div class=\"fusion-fullwidth fullwidth-box fusion-builder-row-1 fusion-flex-container nonhundred-percent-fullwidth non-hundred-percent-height-scrolling\" style=\"--awb-border-radius-top-left:0px;--awb-border-radius-top-right:0px;--awb-border-radius-bottom-right:0px;--awb-border-radius-bottom-left:0px;\" ><div class=\"fusion-builder-row fusion-row fusion-flex-align-items-flex-start\" style=\"max-width:1216.8px;margin-left: calc(-4% \/ 2 );margin-right: calc(-4% \/ 2 );\"><div class=\"fusion-layout-column fusion_builder_column fusion-builder-column-0 fusion_builder_column_1_1 1_1 fusion-flex-column\" style=\"--awb-bg-size:cover;--awb-width-large:100%;--awb-margin-top-large:0px;--awb-spacing-right-large:1.92%;--awb-margin-bottom-large:20px;--awb-spacing-left-large:1.92%;--awb-width-medium:100%;--awb-order-medium:0;--awb-spacing-right-medium:1.92%;--awb-spacing-left-medium:1.92%;--awb-width-small:100%;--awb-order-small:0;--awb-spacing-right-small:1.92%;--awb-spacing-left-small:1.92%;\"><div class=\"fusion-column-wrapper fusion-column-has-shadow fusion-flex-justify-content-flex-start fusion-content-layout-column\"><div class=\"fusion-text fusion-text-1\" style=\"--awb-content-alignment:justify;\"><p>L\u2019ouverture de compte bancaire avec carte bancaire et ch\u00e9quier est obligatoire aux UAE, il faut \u00eatre r\u00e9sident pour pr\u00e9tendre \u00e0 un compte courant.<\/p>\n<p>Contrairement \u00e0 la France, il n\u2019y a pas de distinctions entre fonds propres et professionnels, vous pouvez vivre, investir avec vos fonds professionnels sans justifier ni payer quoi que ce soit !<\/p>\n<p>Pas de frais de tenue de compte, la carte bancaire est gratuite. La gestion quotidienne de votre compte bancaire se fait tr\u00e8s facilement gr\u00e2ce aux applications tr\u00e8s utilis\u00e9es ici. Les plafonds de d\u00e9penses ou de retraits sont calcul\u00e9s selon vos besoin sans restriction, les virements bancaires d&#8217;un montant tr\u00e8s \u00e9lev\u00e9s se font sans justificatifs.<\/p>\n<p>Nous vous proposons de vous assister en g\u00e9rant l&#8217;ouverture de votre compte bancaire et ainsi b\u00e9n\u00e9ficier de tous les avantages que vous procurent votre installation \u00e0 Duba\u00ef ou tout autre \u00e9mirat.<\/p>\n<p><strong>\u00a0<\/strong><\/p>\n<\/div><\/div><\/div><\/div><\/div><div class=\"fusion-fullwidth fullwidth-box fusion-builder-row-2 fusion-flex-container nonhundred-percent-fullwidth non-hundred-percent-height-scrolling\" style=\"--awb-border-radius-top-left:0px;--awb-border-radius-top-right:0px;--awb-border-radius-bottom-right:0px;--awb-border-radius-bottom-left:0px;--awb-padding-top:60px;--awb-padding-bottom:60px;--awb-margin-top:60px;--awb-margin-bottom:60px;--awb-background-color:var(--awb-color4);\" ><div class=\"fusion-builder-row fusion-row fusion-flex-align-items-flex-start\" style=\"max-width:1216.8px;margin-left: calc(-4% \/ 2 );margin-right: calc(-4% \/ 2 );\"><div class=\"fusion-layout-column fusion_builder_column fusion-builder-column-1 fusion_builder_column_1_5 1_5 fusion-flex-column\" style=\"--awb-bg-size:cover;--awb-width-large:20%;--awb-margin-top-large:0px;--awb-spacing-right-large:9.6%;--awb-margin-bottom-large:20px;--awb-spacing-left-large:9.6%;--awb-width-medium:100%;--awb-order-medium:0;--awb-spacing-right-medium:1.92%;--awb-spacing-left-medium:1.92%;--awb-width-small:100%;--awb-order-small:0;--awb-spacing-right-small:1.92%;--awb-spacing-left-small:1.92%;\"><div class=\"fusion-column-wrapper fusion-column-has-shadow fusion-flex-justify-content-flex-start fusion-content-layout-column\"><div class=\"fusion-image-element \" style=\"text-align:center;--awb-caption-title-size:var(--h2_typography-font-size);--awb-caption-title-transform:var(--h2_typography-text-transform);--awb-caption-title-line-height:var(--h2_typography-line-height);--awb-caption-title-letter-spacing:var(--h2_typography-letter-spacing);\"><span class=\" fusion-imageframe imageframe-none imageframe-1 hover-type-none\"><img fetchpriority=\"high\" fetchpriority=\"high\" decoding=\"async\" width=\"1000\" height=\"1000\" title=\"Logo-1-banque\" src=\"https:\/\/welcometodubai.fr\/wp-content\/uploads\/2023\/01\/Logo-1-banque.png\" data-orig-src=\"https:\/\/welcometodubai.fr\/wp-content\/uploads\/2023\/01\/Logo-1-banque.png\" alt class=\"lazyload img-responsive wp-image-2967\" srcset=\"data:image\/svg+xml,%3Csvg%20xmlns%3D%27http%3A%2F%2Fwww.w3.org%2F2000%2Fsvg%27%20width%3D%271000%27%20height%3D%271000%27%20viewBox%3D%270%200%201000%201000%27%3E%3Crect%20width%3D%271000%27%20height%3D%271000%27%20fill-opacity%3D%220%22%2F%3E%3C%2Fsvg%3E\" data-srcset=\"https:\/\/welcometodubai.fr\/wp-content\/uploads\/2023\/01\/Logo-1-banque-200x200.png 200w, https:\/\/welcometodubai.fr\/wp-content\/uploads\/2023\/01\/Logo-1-banque-400x400.png 400w, https:\/\/welcometodubai.fr\/wp-content\/uploads\/2023\/01\/Logo-1-banque-600x600.png 600w, https:\/\/welcometodubai.fr\/wp-content\/uploads\/2023\/01\/Logo-1-banque-800x800.png 800w, https:\/\/welcometodubai.fr\/wp-content\/uploads\/2023\/01\/Logo-1-banque.png 1000w\" data-sizes=\"auto\" data-orig-sizes=\"(max-width: 1024px) 100vw, (max-width: 640px) 100vw, 200px\" \/><\/span><\/div><\/div><\/div><div class=\"fusion-layout-column fusion_builder_column fusion-builder-column-2 fusion_builder_column_1_5 1_5 fusion-flex-column\" style=\"--awb-bg-size:cover;--awb-width-large:20%;--awb-margin-top-large:0px;--awb-spacing-right-large:9.6%;--awb-margin-bottom-large:20px;--awb-spacing-left-large:9.6%;--awb-width-medium:100%;--awb-order-medium:0;--awb-spacing-right-medium:1.92%;--awb-spacing-left-medium:1.92%;--awb-width-small:100%;--awb-order-small:0;--awb-spacing-right-small:1.92%;--awb-spacing-left-small:1.92%;\"><div class=\"fusion-column-wrapper fusion-column-has-shadow fusion-flex-justify-content-flex-start fusion-content-layout-column\"><div class=\"fusion-image-element \" style=\"text-align:center;--awb-caption-title-size:var(--h2_typography-font-size);--awb-caption-title-transform:var(--h2_typography-text-transform);--awb-caption-title-line-height:var(--h2_typography-line-height);--awb-caption-title-letter-spacing:var(--h2_typography-letter-spacing);\"><span class=\" fusion-imageframe imageframe-none imageframe-2 hover-type-none\"><img loading=\"lazy\" decoding=\"async\" width=\"1000\" height=\"1000\" title=\"Logo-2-banque\" src=\"https:\/\/welcometodubai.fr\/wp-content\/uploads\/2023\/01\/Logo-2-banque.png\" data-orig-src=\"https:\/\/welcometodubai.fr\/wp-content\/uploads\/2023\/01\/Logo-2-banque.png\" alt class=\"lazyload img-responsive wp-image-2968\" srcset=\"data:image\/svg+xml,%3Csvg%20xmlns%3D%27http%3A%2F%2Fwww.w3.org%2F2000%2Fsvg%27%20width%3D%271000%27%20height%3D%271000%27%20viewBox%3D%270%200%201000%201000%27%3E%3Crect%20width%3D%271000%27%20height%3D%271000%27%20fill-opacity%3D%220%22%2F%3E%3C%2Fsvg%3E\" data-srcset=\"https:\/\/welcometodubai.fr\/wp-content\/uploads\/2023\/01\/Logo-2-banque-200x200.png 200w, https:\/\/welcometodubai.fr\/wp-content\/uploads\/2023\/01\/Logo-2-banque-400x400.png 400w, https:\/\/welcometodubai.fr\/wp-content\/uploads\/2023\/01\/Logo-2-banque-600x600.png 600w, https:\/\/welcometodubai.fr\/wp-content\/uploads\/2023\/01\/Logo-2-banque-800x800.png 800w, https:\/\/welcometodubai.fr\/wp-content\/uploads\/2023\/01\/Logo-2-banque.png 1000w\" data-sizes=\"auto\" data-orig-sizes=\"(max-width: 1024px) 100vw, (max-width: 640px) 100vw, 200px\" \/><\/span><\/div><\/div><\/div><div class=\"fusion-layout-column fusion_builder_column fusion-builder-column-3 fusion_builder_column_1_5 1_5 fusion-flex-column\" style=\"--awb-bg-size:cover;--awb-width-large:20%;--awb-margin-top-large:0px;--awb-spacing-right-large:9.6%;--awb-margin-bottom-large:20px;--awb-spacing-left-large:9.6%;--awb-width-medium:100%;--awb-order-medium:0;--awb-spacing-right-medium:1.92%;--awb-spacing-left-medium:1.92%;--awb-width-small:100%;--awb-order-small:0;--awb-spacing-right-small:1.92%;--awb-spacing-left-small:1.92%;\"><div class=\"fusion-column-wrapper fusion-column-has-shadow fusion-flex-justify-content-flex-start fusion-content-layout-column\"><div class=\"fusion-image-element \" style=\"text-align:center;--awb-caption-title-size:var(--h2_typography-font-size);--awb-caption-title-transform:var(--h2_typography-text-transform);--awb-caption-title-line-height:var(--h2_typography-line-height);--awb-caption-title-letter-spacing:var(--h2_typography-letter-spacing);\"><span class=\" fusion-imageframe imageframe-none imageframe-3 hover-type-none\"><img loading=\"lazy\" decoding=\"async\" width=\"1000\" height=\"1000\" title=\"Logo-3-banque\" src=\"https:\/\/welcometodubai.fr\/wp-content\/uploads\/2023\/01\/Logo-3-banque.png\" data-orig-src=\"https:\/\/welcometodubai.fr\/wp-content\/uploads\/2023\/01\/Logo-3-banque.png\" alt class=\"lazyload img-responsive wp-image-2969\" srcset=\"data:image\/svg+xml,%3Csvg%20xmlns%3D%27http%3A%2F%2Fwww.w3.org%2F2000%2Fsvg%27%20width%3D%271000%27%20height%3D%271000%27%20viewBox%3D%270%200%201000%201000%27%3E%3Crect%20width%3D%271000%27%20height%3D%271000%27%20fill-opacity%3D%220%22%2F%3E%3C%2Fsvg%3E\" data-srcset=\"https:\/\/welcometodubai.fr\/wp-content\/uploads\/2023\/01\/Logo-3-banque-200x200.png 200w, https:\/\/welcometodubai.fr\/wp-content\/uploads\/2023\/01\/Logo-3-banque-400x400.png 400w, https:\/\/welcometodubai.fr\/wp-content\/uploads\/2023\/01\/Logo-3-banque-600x600.png 600w, https:\/\/welcometodubai.fr\/wp-content\/uploads\/2023\/01\/Logo-3-banque-800x800.png 800w, https:\/\/welcometodubai.fr\/wp-content\/uploads\/2023\/01\/Logo-3-banque.png 1000w\" data-sizes=\"auto\" data-orig-sizes=\"(max-width: 1024px) 100vw, (max-width: 640px) 100vw, 200px\" \/><\/span><\/div><\/div><\/div><div class=\"fusion-layout-column fusion_builder_column fusion-builder-column-4 fusion_builder_column_1_5 1_5 fusion-flex-column\" style=\"--awb-bg-size:cover;--awb-width-large:20%;--awb-margin-top-large:0px;--awb-spacing-right-large:9.6%;--awb-margin-bottom-large:20px;--awb-spacing-left-large:9.6%;--awb-width-medium:100%;--awb-order-medium:0;--awb-spacing-right-medium:1.92%;--awb-spacing-left-medium:1.92%;--awb-width-small:100%;--awb-order-small:0;--awb-spacing-right-small:1.92%;--awb-spacing-left-small:1.92%;\"><div class=\"fusion-column-wrapper fusion-column-has-shadow fusion-flex-justify-content-flex-start fusion-content-layout-column\"><div class=\"fusion-image-element \" style=\"text-align:center;--awb-caption-title-size:var(--h2_typography-font-size);--awb-caption-title-transform:var(--h2_typography-text-transform);--awb-caption-title-line-height:var(--h2_typography-line-height);--awb-caption-title-letter-spacing:var(--h2_typography-letter-spacing);\"><span class=\" fusion-imageframe imageframe-none imageframe-4 hover-type-none\"><img loading=\"lazy\" loading=\"lazy\" decoding=\"async\" width=\"1000\" height=\"1000\" title=\"Logo-4-banque\" src=\"https:\/\/welcometodubai.fr\/wp-content\/uploads\/2023\/01\/Logo-4-banque.png\" data-orig-src=\"https:\/\/welcometodubai.fr\/wp-content\/uploads\/2023\/01\/Logo-4-banque.png\" alt class=\"lazyload img-responsive wp-image-2970\" srcset=\"data:image\/svg+xml,%3Csvg%20xmlns%3D%27http%3A%2F%2Fwww.w3.org%2F2000%2Fsvg%27%20width%3D%271000%27%20height%3D%271000%27%20viewBox%3D%270%200%201000%201000%27%3E%3Crect%20width%3D%271000%27%20height%3D%271000%27%20fill-opacity%3D%220%22%2F%3E%3C%2Fsvg%3E\" data-srcset=\"https:\/\/welcometodubai.fr\/wp-content\/uploads\/2023\/01\/Logo-4-banque-200x200.png 200w, https:\/\/welcometodubai.fr\/wp-content\/uploads\/2023\/01\/Logo-4-banque-400x400.png 400w, https:\/\/welcometodubai.fr\/wp-content\/uploads\/2023\/01\/Logo-4-banque-600x600.png 600w, https:\/\/welcometodubai.fr\/wp-content\/uploads\/2023\/01\/Logo-4-banque-800x800.png 800w, https:\/\/welcometodubai.fr\/wp-content\/uploads\/2023\/01\/Logo-4-banque.png 1000w\" data-sizes=\"auto\" data-orig-sizes=\"(max-width: 1024px) 100vw, (max-width: 640px) 100vw, 200px\" \/><\/span><\/div><\/div><\/div><div class=\"fusion-layout-column fusion_builder_column fusion-builder-column-5 fusion_builder_column_1_5 1_5 fusion-flex-column\" style=\"--awb-bg-size:cover;--awb-width-large:20%;--awb-margin-top-large:0px;--awb-spacing-right-large:9.6%;--awb-margin-bottom-large:20px;--awb-spacing-left-large:9.6%;--awb-width-medium:100%;--awb-order-medium:0;--awb-spacing-right-medium:1.92%;--awb-spacing-left-medium:1.92%;--awb-width-small:100%;--awb-order-small:0;--awb-spacing-right-small:1.92%;--awb-spacing-left-small:1.92%;\"><div class=\"fusion-column-wrapper fusion-column-has-shadow fusion-flex-justify-content-flex-start fusion-content-layout-column\"><div class=\"fusion-image-element \" style=\"text-align:center;--awb-caption-title-size:var(--h2_typography-font-size);--awb-caption-title-transform:var(--h2_typography-text-transform);--awb-caption-title-line-height:var(--h2_typography-line-height);--awb-caption-title-letter-spacing:var(--h2_typography-letter-spacing);\"><span class=\" fusion-imageframe imageframe-none imageframe-5 hover-type-none\"><img loading=\"lazy\" loading=\"lazy\" decoding=\"async\" width=\"1000\" height=\"1000\" title=\"Logo-5-banque\" src=\"https:\/\/welcometodubai.fr\/wp-content\/uploads\/2023\/01\/Logo-5-banque.png\" data-orig-src=\"https:\/\/welcometodubai.fr\/wp-content\/uploads\/2023\/01\/Logo-5-banque.png\" alt class=\"lazyload img-responsive wp-image-2971\" srcset=\"data:image\/svg+xml,%3Csvg%20xmlns%3D%27http%3A%2F%2Fwww.w3.org%2F2000%2Fsvg%27%20width%3D%271000%27%20height%3D%271000%27%20viewBox%3D%270%200%201000%201000%27%3E%3Crect%20width%3D%271000%27%20height%3D%271000%27%20fill-opacity%3D%220%22%2F%3E%3C%2Fsvg%3E\" data-srcset=\"https:\/\/welcometodubai.fr\/wp-content\/uploads\/2023\/01\/Logo-5-banque-200x200.png 200w, https:\/\/welcometodubai.fr\/wp-content\/uploads\/2023\/01\/Logo-5-banque-400x400.png 400w, https:\/\/welcometodubai.fr\/wp-content\/uploads\/2023\/01\/Logo-5-banque-600x600.png 600w, https:\/\/welcometodubai.fr\/wp-content\/uploads\/2023\/01\/Logo-5-banque-800x800.png 800w, https:\/\/welcometodubai.fr\/wp-content\/uploads\/2023\/01\/Logo-5-banque.png 1000w\" data-sizes=\"auto\" data-orig-sizes=\"(max-width: 1024px) 100vw, (max-width: 640px) 100vw, 200px\" \/><\/span><\/div><\/div><\/div><\/div><\/div>\n<\/p>\n","protected":false},"excerpt":{"rendered":"","protected":false},"author":1,"featured_media":0,"parent":3144,"menu_order":0,"comment_status":"closed","ping_status":"closed","template":"100-width.php","meta":{"inline_featured_image":false,"footnotes":""},"class_list":["post-3057","page","type-page","status-publish","hentry"],"_links":{"self":[{"href":"https:\/\/welcometodubai.fr\/en\/wp-json\/wp\/v2\/pages\/3057","targetHints":{"allow":["GET"]}}],"collection":[{"href":"https:\/\/welcometodubai.fr\/en\/wp-json\/wp\/v2\/pages"}],"about":[{"href":"https:\/\/welcometodubai.fr\/en\/wp-json\/wp\/v2\/types\/page"}],"author":[{"embeddable":true,"href":"https:\/\/welcometodubai.fr\/en\/wp-json\/wp\/v2\/users\/1"}],"replies":[{"embeddable":true,"href":"https:\/\/welcometodubai.fr\/en\/wp-json\/wp\/v2\/comments?post=3057"}],"version-history":[{"count":1,"href":"https:\/\/welcometodubai.fr\/en\/wp-json\/wp\/v2\/pages\/3057\/revisions"}],"predecessor-version":[{"id":3184,"href":"https:\/\/welcometodubai.fr\/en\/wp-json\/wp\/v2\/pages\/3057\/revisions\/3184"}],"up":[{"embeddable":true,"href":"https:\/\/welcometodubai.fr\/en\/wp-json\/wp\/v2\/pages\/3144"}],"wp:attachment":[{"href":"https:\/\/welcometodubai.fr\/en\/wp-json\/wp\/v2\/media?parent=3057"}],"curies":[{"name":"wp","href":"https:\/\/api.w.org\/{rel}","templated":true}]}}